{"id":8,"date":"2026-03-07T15:07:57","date_gmt":"2026-03-07T15:07:57","guid":{"rendered":"https:\/\/mariposafund.org\/?page_id=8"},"modified":"2026-03-26T22:50:14","modified_gmt":"2026-03-27T04:50:14","slug":"home","status":"publish","type":"page","link":"https:\/\/mariposafund.org\/es\/","title":{"rendered":"Inicio"},"content":{"rendered":"<div data-elementor-type=\"wp-page\" data-elementor-id=\"8\" class=\"elementor elementor-8\" data-elementor-post-type=\"page\">\n\t\t\t\t<div class=\"elementor-element elementor-element-7ff5345d e-con-full e-flex e-con e-parent\" data-id=\"7ff5345d\" data-element_type=\"container\" data-e-type=\"container\" data-settings=\"{&quot;background_background&quot;:&quot;classic&quot;}\">\n\t\t<div class=\"elementor-element elementor-element-7ad5984b e-con-full e-flex e-con e-child\" data-id=\"7ad5984b\" data-element_type=\"container\" data-e-type=\"container\" data-settings=\"{&quot;background_background&quot;:&quot;classic&quot;}\">\n\t\t\t\t<div class=\"elementor-element elementor-element-fd8b2fc elementor-invisible elementor-widget elementor-widget-theme-site-logo elementor-widget-image\" data-id=\"fd8b2fc\" data-element_type=\"widget\" data-e-type=\"widget\" data-settings=\"{&quot;_animation&quot;:&quot;fadeInLeft&quot;}\" data-widget_type=\"theme-site-logo.default\">\n\t\t\t\t\t\t\t\t\t\t\t<img fetchpriority=\"high\" decoding=\"async\" width=\"611\" height=\"607\" src=\"https:\/\/mariposafund.org\/wp-content\/uploads\/2026\/03\/MariposaLogo.png\" class=\"attachment-full size-full wp-image-76\" alt=\"Mariposa Fund\" srcset=\"https:\/\/mariposafund.org\/wp-content\/uploads\/2026\/03\/MariposaLogo.png 611w, https:\/\/mariposafund.org\/wp-content\/uploads\/2026\/03\/MariposaLogo-300x298.png 300w, https:\/\/mariposafund.org\/wp-content\/uploads\/2026\/03\/MariposaLogo-150x150.png 150w\" sizes=\"(max-width: 611px) 100vw, 611px\" \/>\t\t\t\t\t\t\t\t\t\t\t\t<\/div>\n\t\t\t\t<div class=\"elementor-element elementor-element-ed4a03e elementor-align-center elementor-mobile-align-left elementor-widget__width-inherit elementor-invisible elementor-widget elementor-widget-button\" data-id=\"ed4a03e\" data-element_type=\"widget\" data-e-type=\"widget\" data-settings=\"{&quot;_animation&quot;:&quot;fadeInLeft&quot;}\" data-widget_type=\"button.default\">\n\t\t\t\t\t\t\t\t\t\t<a class=\"elementor-button elementor-button-link elementor-size-sm elementor-animation-grow\" href=\"https:\/\/mariposafund.org\/es\/contact-us\/\" target=\"_blank\">\n\t\t\t\t\t\t<span class=\"elementor-button-content-wrapper\">\n\t\t\t\t\t\t\t\t\t<span class=\"elementor-button-text\">Cont\u00e1ctanos<\/span>\n\t\t\t\t\t<\/span>\n\t\t\t\t\t<\/a>\n\t\t\t\t\t\t\t\t<\/div>\n\t\t\t\t<\/div>\n\t\t<div class=\"elementor-element elementor-element-50993119 e-con-full e-flex e-con e-child\" data-id=\"50993119\" data-element_type=\"container\" data-e-type=\"container\">\n\t\t\t\t<div class=\"elementor-element elementor-element-49406ef5 animated-slow elementor-invisible elementor-widget elementor-widget-icon-box\" data-id=\"49406ef5\" data-element_type=\"widget\" data-e-type=\"widget\" data-settings=\"{&quot;_animation&quot;:&quot;fadeInRight&quot;,&quot;_animation_delay&quot;:&quot;0&quot;}\" data-widget_type=\"icon-box.default\">\n\t\t\t\t\t\t\t<div class=\"elementor-icon-box-wrapper\">\n\n\t\t\t\n\t\t\t\t\t\t<div class=\"elementor-icon-box-content\">\n\n\t\t\t\t\t\t\t\t\t<h3 class=\"elementor-icon-box-title\">\n\t\t\t\t\t\t<span  >\n\t\t\t\t\t\t\tQui\u00e9nes Somos\t\t\t\t\t\t<\/span>\n\t\t\t\t\t<\/h3>\n\t\t\t\t\n\t\t\t\t\t\t\t\t\t<p class=\"elementor-icon-box-description\">\n\t\t\t\t\t\tEl fondo Mariposa fue fundado en el a\u00f1o 2016 por un grupo de proveedorxs de salud en cuidado de aborto, en Albuquerque, NM. Reconocimos la cantidad de barreras que existen para las personas indocumentadas que solicitan salud reproductiva, incluyendo interrupci\u00f3n de embarazo. Las personas indocumentadas se encuentran con obst\u00e1culos como el temor a ser criminalizados por su estatus, la falta de acceso a seguro m\u00e9dico, inseguridad econ\u00f3mica, barreras de comunicaci\u00f3n, y la opresi\u00f3n causada por la supremac\u00eda blanca y la xenofobia.\n\nReconocemos que estos obst\u00e1culos son sist\u00e9micos y trabajamos con la meta de proveer ayuda econ\u00f3mica para personas indocumentadas. Esperamos brindar apoyo a los miembros m\u00e1s vulnerables de nuestra comunidad, para facilitar el acceso a un aborto seguro y digno.\t\t\t\t\t<\/p>\n\t\t\t\t\n\t\t\t<\/div>\n\t\t\t\n\t\t<\/div>\n\t\t\t\t\t\t<\/div>\n\t\t\t\t<div class=\"elementor-element elementor-element-650da06b animated-slow elementor-invisible elementor-widget elementor-widget-icon-box\" data-id=\"650da06b\" data-element_type=\"widget\" data-e-type=\"widget\" data-settings=\"{&quot;_animation&quot;:&quot;fadeInRight&quot;,&quot;_animation_delay&quot;:&quot;200&quot;}\" data-widget_type=\"icon-box.default\">\n\t\t\t\t\t\t\t<div class=\"elementor-icon-box-wrapper\">\n\n\t\t\t\n\t\t\t\t\t\t<div class=\"elementor-icon-box-content\">\n\n\t\t\t\t\t\t\t\t\t<h3 class=\"elementor-icon-box-title\">\n\t\t\t\t\t\t<span  >\n\t\t\t\t\t\t\tQu\u00e9 Hacemos\t\t\t\t\t\t<\/span>\n\t\t\t\t\t<\/h3>\n\t\t\t\t\n\t\t\t\t\t\t\t\t\t<p class=\"elementor-icon-box-description\">\n\t\t\t\t\t\tEl Fondo Mariposa ayuda a pagar la atenci\u00f3n de abortos y anticonceptivos para personas afectadas por el sistema de inmigraci\u00f3n y personas que necesitan servicios de interpretaci\u00f3n en Albuquerque, Nuevo M\u00e9xico.\t\t\t\t\t<\/p>\n\t\t\t\t\n\t\t\t<\/div>\n\t\t\t\n\t\t<\/div>\n\t\t\t\t\t\t<\/div>\n\t\t\t\t<div class=\"elementor-element elementor-element-631a4ccd animated-slow elementor-invisible elementor-widget elementor-widget-icon-box\" data-id=\"631a4ccd\" data-element_type=\"widget\" data-e-type=\"widget\" data-settings=\"{&quot;_animation&quot;:&quot;fadeInRight&quot;,&quot;_animation_delay&quot;:&quot;300&quot;}\" data-widget_type=\"icon-box.default\">\n\t\t\t\t\t\t\t<div class=\"elementor-icon-box-wrapper\">\n\n\t\t\t\n\t\t\t\t\t\t<div class=\"elementor-icon-box-content\">\n\n\t\t\t\t\t\t\t\t\t<h3 class=\"elementor-icon-box-title\">\n\t\t\t\t\t\t<span  >\n\t\t\t\t\t\t\tApoya Nuestro Trabajo\t\t\t\t\t\t<\/span>\n\t\t\t\t\t<\/h3>\n\t\t\t\t\n\t\t\t\t\t\t\t\t\t<p class=\"elementor-icon-box-description\">\n\t\t\t\t\t\tTu apoyo ayuda a que miembros indocumentados de nuestra comunidad en Nuevo M\u00e9xico puedan acceder a la atenci\u00f3n de salud reproductiva que necesitan.\n<br>\nCada contribuci\u00f3n ayuda a reducir las barreras econ\u00f3micas y a brindar atenci\u00f3n compasiva a quienes m\u00e1s lo necesitan.\t\t\t\t\t<\/p>\n\t\t\t\t\n\t\t\t<\/div>\n\t\t\t\n\t\t<\/div>\n\t\t\t\t\t\t<\/div>\n\t\t\t\t<div class=\"elementor-element elementor-element-5fd386f5 elementor-align-center elementor-mobile-align-left elementor-widget__width-inherit elementor-invisible elementor-widget elementor-widget-button\" data-id=\"5fd386f5\" data-element_type=\"widget\" data-e-type=\"widget\" data-settings=\"{&quot;_animation&quot;:&quot;fadeInRight&quot;}\" data-widget_type=\"button.default\">\n\t\t\t\t\t\t\t\t\t\t<a class=\"elementor-button elementor-button-link elementor-size-sm elementor-animation-grow\" href=\"https:\/\/secure.actblue.com\/donate\/mariposafund\" target=\"_blank\" rel=\"noopener\">\n\t\t\t\t\t\t<span class=\"elementor-button-content-wrapper\">\n\t\t\t\t\t\t\t\t\t<span class=\"elementor-button-text\">Donar<\/span>\n\t\t\t\t\t<\/span>\n\t\t\t\t\t<\/a>\n\t\t\t\t\t\t\t\t<\/div>\n\t\t\t\t<div class=\"elementor-element elementor-element-d7f5a70 animated-slow elementor-invisible elementor-widget elementor-widget-icon-box\" data-id=\"d7f5a70\" data-element_type=\"widget\" data-e-type=\"widget\" data-settings=\"{&quot;_animation&quot;:&quot;fadeInRight&quot;,&quot;_animation_delay&quot;:&quot;300&quot;}\" data-widget_type=\"icon-box.default\">\n\t\t\t\t\t\t\t<div class=\"elementor-icon-box-wrapper\">\n\n\t\t\t\n\t\t\t\t\t\t<div class=\"elementor-icon-box-content\">\n\n\t\t\t\t\t\t\t\t\t<h3 class=\"elementor-icon-box-title\">\n\t\t\t\t\t\t<span  >\n\t\t\t\t\t\t\t\u00danete a nuestra recaudaci\u00f3n de fondos comunitaria\t\t\t\t\t\t<\/span>\n\t\t\t\t\t<\/h3>\n\t\t\t\t\n\t\t\t\t\t\t\t\t\t<p class=\"elementor-icon-box-description\">\n\t\t\t\t\t\tMientras nos preparamos para lanzar nuestro nuevo sitio web, te invitamos a apoyar nuestro Fund-A-Thon comunitario por el acceso al aborto.\n\nJunto con organizaciones aliadas, estamos recaudando fondos para apoyar la atenci\u00f3n del aborto, el apoyo pr\u00e1ctico y la salud reproductiva centrada en la comunidad.\t\t\t\t\t<\/p>\n\t\t\t\t\n\t\t\t<\/div>\n\t\t\t\n\t\t<\/div>\n\t\t\t\t\t\t<\/div>\n\t\t\t\t<div class=\"elementor-element elementor-element-4e72967 elementor-align-center elementor-mobile-align-left elementor-widget__width-inherit elementor-invisible elementor-widget elementor-widget-button\" data-id=\"4e72967\" data-element_type=\"widget\" data-e-type=\"widget\" data-settings=\"{&quot;_animation&quot;:&quot;fadeInRight&quot;}\" data-widget_type=\"button.default\">\n\t\t\t\t\t\t\t\t\t\t<a class=\"elementor-button elementor-button-link elementor-size-sm elementor-animation-grow\" href=\"https:\/\/fund.nnaf.org\/campaign\/nm-abortion-funds-2026\/c773496\" target=\"_blank\" rel=\"noopener\">\n\t\t\t\t\t\t<span class=\"elementor-button-content-wrapper\">\n\t\t\t\t\t\t\t\t\t<span class=\"elementor-button-text\">Recaudaci\u00f3n de fondos<\/span>\n\t\t\t\t\t<\/span>\n\t\t\t\t\t<\/a>\n\t\t\t\t\t\t\t\t<\/div>\n\t\t\t\t<\/div>\n\t\t\t\t<\/div>\n\t\t\t\t<\/div>","protected":false},"excerpt":{"rendered":"<p>Contact us Who We Are The Mariposa Fund was founded in 2016 by a group of abortion care providers in Albuquerque, NM. We recognized the extraordinary barriers that exist for undocumented people trying to obtain reproductive health services, including abortion. Specifically, undocumented people face obstacles such as fear of criminalization, lack of access to health [&hellip;]<\/p>\n","protected":false},"author":1,"featured_media":0,"parent":0,"menu_order":0,"comment_status":"closed","ping_status":"closed","template":"elementor_header_footer","meta":{"footnotes":""},"class_list":["post-8","page","type-page","status-publish","hentry"],"_links":{"self":[{"href":"https:\/\/mariposafund.org\/es\/wp-json\/wp\/v2\/pages\/8","targetHints":{"allow":["GET"]}}],"collection":[{"href":"https:\/\/mariposafund.org\/es\/wp-json\/wp\/v2\/pages"}],"about":[{"href":"https:\/\/mariposafund.org\/es\/wp-json\/wp\/v2\/types\/page"}],"author":[{"embeddable":true,"href":"https:\/\/mariposafund.org\/es\/wp-json\/wp\/v2\/users\/1"}],"replies":[{"embeddable":true,"href":"https:\/\/mariposafund.org\/es\/wp-json\/wp\/v2\/comments?post=8"}],"version-history":[{"count":175,"href":"https:\/\/mariposafund.org\/es\/wp-json\/wp\/v2\/pages\/8\/revisions"}],"predecessor-version":[{"id":1345,"href":"https:\/\/mariposafund.org\/es\/wp-json\/wp\/v2\/pages\/8\/revisions\/1345"}],"wp:attachment":[{"href":"https:\/\/mariposafund.org\/es\/wp-json\/wp\/v2\/media?parent=8"}],"curies":[{"name":"wp","href":"https:\/\/api.w.org\/{rel}","templated":true}]}}