{"id":12,"date":"2026-03-07T15:10:20","date_gmt":"2026-03-07T15:10:20","guid":{"rendered":"https:\/\/mariposafund.org\/?page_id=12"},"modified":"2026-03-26T18:48:10","modified_gmt":"2026-03-27T00:48:10","slug":"news","status":"publish","type":"page","link":"https:\/\/mariposafund.org\/es\/news\/","title":{"rendered":"Noticias"},"content":{"rendered":"<div data-elementor-type=\"wp-page\" data-elementor-id=\"12\" class=\"elementor elementor-12\" data-elementor-post-type=\"page\">\n\t\t\t\t<div class=\"elementor-element elementor-element-38e7ffaf e-con-full e-flex e-con e-parent\" data-id=\"38e7ffaf\" data-element_type=\"container\" data-e-type=\"container\" data-settings=\"{&quot;background_background&quot;:&quot;classic&quot;}\">\n\t\t<div class=\"elementor-element elementor-element-2297a027 e-con-full e-flex e-con e-child\" data-id=\"2297a027\" data-element_type=\"container\" data-e-type=\"container\">\n\t\t\t\t<div class=\"elementor-element elementor-element-5d2ee7e6 animated-slow elementor-invisible elementor-widget elementor-widget-heading\" data-id=\"5d2ee7e6\" data-element_type=\"widget\" data-e-type=\"widget\" data-settings=\"{&quot;_animation&quot;:&quot;slideInUp&quot;}\" data-widget_type=\"heading.default\">\n\t\t\t\t\t<h3 class=\"elementor-heading-title elementor-size-default\">Fondo Mariposa \u2013 En los medios<\/h3>\t\t\t\t<\/div>\n\t\t\t\t<\/div>\n\t\t<div class=\"elementor-element elementor-element-20559a53 e-con-full e-flex e-con e-child\" data-id=\"20559a53\" data-element_type=\"container\" data-e-type=\"container\">\n\t\t<div class=\"elementor-element elementor-element-4838a981 animated-slow e-con-full e-flex elementor-invisible e-con e-child\" data-id=\"4838a981\" data-element_type=\"container\" data-e-type=\"container\" data-settings=\"{&quot;animation&quot;:&quot;fadeInUp&quot;,&quot;animation_delay&quot;:150}\">\n\t\t<div class=\"elementor-element elementor-element-6d9ac805 e-con-full e-flex e-con e-child\" data-id=\"6d9ac805\" data-element_type=\"container\" data-e-type=\"container\">\n\t\t\t\t<div class=\"elementor-element elementor-element-3b763fe elementor-widget elementor-widget-image\" data-id=\"3b763fe\" data-element_type=\"widget\" data-e-type=\"widget\" data-widget_type=\"image.default\">\n\t\t\t\t\t\t\t\t\t\t\t\t\t\t\t<img fetchpriority=\"high\" decoding=\"async\" width=\"265\" height=\"190\" src=\"https:\/\/mariposafund.org\/wp-content\/uploads\/2026\/03\/nmpolitical_logo.png\" class=\"attachment-medium size-medium wp-image-617\" alt=\"\" \/>\t\t\t\t\t\t\t\t\t\t\t\t\t\t\t<\/div>\n\t\t\t\t<\/div>\n\t\t\t\t<div class=\"elementor-element elementor-element-729f685f elementor-cta--layout-image-left elementor-cta--skin-classic elementor-animated-content elementor-bg-transform elementor-bg-transform-zoom-in elementor-widget elementor-widget-call-to-action\" data-id=\"729f685f\" data-element_type=\"widget\" data-e-type=\"widget\" data-widget_type=\"call-to-action.default\">\n\t\t\t\t\t\t\t<div class=\"elementor-cta\">\n\t\t\t\t\t\t\t<div class=\"elementor-cta__content\">\n\t\t\t\t\n\t\t\t\t\t\t\t\t\t<h2 class=\"elementor-cta__title elementor-cta__content-item elementor-content-item\">\n\t\t\t\t\t\tNM Political Report: Enfoque en el Fondo Mariposa\t\t\t\t\t<\/h2>\n\t\t\t\t\n\t\t\t\t\t\t\t\t\t<div class=\"elementor-cta__description elementor-cta__content-item elementor-content-item\">\n\t\t\t\t\t\t<b>Updated March 16, 2025<br><\/b><br>\n\n\u201cAranda said the volunteers with Mariposa Fund have worked with staff at abortion clinics in the state about how to ask patients about documentation status in a way that is \u201crespectful and acknowledges their humanity.\u201d\t\t\t\t\t<\/div>\n\t\t\t\t\n\t\t\t\t\t\t\t\t\t<div class=\"elementor-cta__button-wrapper elementor-cta__content-item elementor-content-item\">\n\t\t\t\t\t<a class=\"elementor-cta__button elementor-button elementor-size-\" href=\"https:\/\/nmpoliticalreport.com\/2021\/11\/15\/how-mariposa-fund-helps-undocumented-people-access-abortions\/\" target=\"_blank\" rel=\"noopener\">\n\t\t\t\t\t\tLeer Mas &gt;\t\t\t\t\t<\/a>\n\t\t\t\t\t<\/div>\n\t\t\t\t\t\t\t<\/div>\n\t\t\t\t\t\t<\/div>\n\t\t\t\t\t\t<\/div>\n\t\t\t\t<\/div>\n\t\t<div class=\"elementor-element elementor-element-20dfe895 animated-slow e-con-full e-flex elementor-invisible e-con e-child\" data-id=\"20dfe895\" data-element_type=\"container\" data-e-type=\"container\" data-settings=\"{&quot;animation&quot;:&quot;fadeInUp&quot;,&quot;animation_delay&quot;:300}\">\n\t\t<div class=\"elementor-element elementor-element-230fbbbf e-con-full e-flex e-con e-child\" data-id=\"230fbbbf\" data-element_type=\"container\" data-e-type=\"container\">\n\t\t\t\t<div class=\"elementor-element elementor-element-3fc674e1 elementor-widget elementor-widget-image\" data-id=\"3fc674e1\" data-element_type=\"widget\" data-e-type=\"widget\" data-widget_type=\"image.default\">\n\t\t\t\t\t\t\t\t\t\t\t\t\t\t\t<img decoding=\"async\" width=\"300\" height=\"168\" src=\"https:\/\/mariposafund.org\/wp-content\/uploads\/2026\/03\/nbcnews.jpeg\" class=\"attachment-medium size-medium wp-image-667\" alt=\"\" \/>\t\t\t\t\t\t\t\t\t\t\t\t\t\t\t<\/div>\n\t\t\t\t<\/div>\n\t\t\t\t<div class=\"elementor-element elementor-element-688e047 elementor-cta--layout-image-left elementor-cta--skin-classic elementor-animated-content elementor-bg-transform elementor-bg-transform-zoom-in elementor-widget elementor-widget-call-to-action\" data-id=\"688e047\" data-element_type=\"widget\" data-e-type=\"widget\" data-widget_type=\"call-to-action.default\">\n\t\t\t\t\t\t\t<div class=\"elementor-cta\">\n\t\t\t\t\t\t\t<div class=\"elementor-cta__content\">\n\t\t\t\t\n\t\t\t\t\t\t\t\t\t<h2 class=\"elementor-cta__title elementor-cta__content-item elementor-content-item\">\n\t\t\t\t\t\tNBC News: El impacto en Nuevo M\u00e9xico despu\u00e9s de que la Corte Suprema ignorara la prohibici\u00f3n del aborto en Texas\t\t\t\t\t<\/h2>\n\t\t\t\t\n\t\t\t\t\t\t\t\t\t<div class=\"elementor-cta__description elementor-cta__content-item elementor-content-item\">\n\t\t\t\t\t\t<b>September 3, 2021<br><\/b><br>\n\n\u201cMany of these women are going to have to make choices that pit their own safety, and the safety of their family, and receiving necessary health care, against one another,\u201d Rushforth said.\t\t\t\t\t<\/div>\n\t\t\t\t\n\t\t\t\t\t\t\t\t\t<div class=\"elementor-cta__button-wrapper elementor-cta__content-item elementor-content-item\">\n\t\t\t\t\t<a class=\"elementor-cta__button elementor-button elementor-size-\" href=\"https:\/\/www.nbcnews.com\/politics\/politics-news\/new-mexico-braces-influx-after-supreme-court-allows-texas-abortion-n1278362\" target=\"_blank\" rel=\"noopener\">\n\t\t\t\t\t\tLeer Mas &gt;\t\t\t\t\t<\/a>\n\t\t\t\t\t<\/div>\n\t\t\t\t\t\t\t<\/div>\n\t\t\t\t\t\t<\/div>\n\t\t\t\t\t\t<\/div>\n\t\t\t\t<\/div>\n\t\t<div class=\"elementor-element elementor-element-45f156a2 animated-slow e-con-full e-flex elementor-invisible e-con e-child\" data-id=\"45f156a2\" data-element_type=\"container\" data-e-type=\"container\" data-settings=\"{&quot;animation&quot;:&quot;fadeInUp&quot;,&quot;animation_delay&quot;:600}\">\n\t\t<div class=\"elementor-element elementor-element-c3736ac e-con-full e-flex e-con e-child\" data-id=\"c3736ac\" data-element_type=\"container\" data-e-type=\"container\">\n\t\t\t\t<div class=\"elementor-element elementor-element-efb9a0b elementor-widget elementor-widget-image\" data-id=\"efb9a0b\" data-element_type=\"widget\" data-e-type=\"widget\" data-widget_type=\"image.default\">\n\t\t\t\t\t\t\t\t\t\t\t\t\t\t\t<img fetchpriority=\"high\" decoding=\"async\" width=\"265\" height=\"190\" src=\"https:\/\/mariposafund.org\/wp-content\/uploads\/2026\/03\/nmpolitical_logo.png\" class=\"attachment-medium size-medium wp-image-617\" alt=\"\" \/>\t\t\t\t\t\t\t\t\t\t\t\t\t\t\t<\/div>\n\t\t\t\t<div class=\"elementor-element elementor-element-24ca23f elementor-cta--layout-image-left elementor-cta--skin-classic elementor-animated-content elementor-bg-transform elementor-bg-transform-zoom-in elementor-widget elementor-widget-call-to-action\" data-id=\"24ca23f\" data-element_type=\"widget\" data-e-type=\"widget\" data-widget_type=\"call-to-action.default\">\n\t\t\t\t\t\t\t<div class=\"elementor-cta\">\n\t\t\t\t\t\t\t<div class=\"elementor-cta__content\">\n\t\t\t\t\n\t\t\t\t\t\t\t\t\t<h2 class=\"elementor-cta__title elementor-cta__content-item elementor-content-item\">\n\t\t\t\t\t\tNM Political Report \u2013 Manifestaci\u00f3n \u201cRespect NM Women and Families\u201d\t\t\t\t\t<\/h2>\n\t\t\t\t\n\t\t\t\t\t\t\t\t\t<div class=\"elementor-cta__description elementor-cta__content-item elementor-content-item\">\n\t\t\t\t\t\t<b>February 2, 2021<br><\/b><br>\n\nThe Mariposa Fund was proud to participate in the Respect NM Women and Families digital rally on Monday and to be featured in the NM Political Report\u2019s coverage. \u201cItalia Aranda, an abortion care provider who...\t\t\t\t\t<\/div>\n\t\t\t\t\n\t\t\t\t\t\t\t\t\t<div class=\"elementor-cta__button-wrapper elementor-cta__content-item elementor-content-item\">\n\t\t\t\t\t<a class=\"elementor-cta__button elementor-button elementor-size-\" href=\"https:\/\/nmpoliticalreport.com\/2021\/02\/02\/respect-new-mexico-women-we-wont-be-bullied\/?fbclid=IwAR3ySM8KF4E8yzKngGyHq6W6p8PuT3cEcZClJcELDIzxOJeopPgi_pQT4y0\" target=\"_blank\" rel=\"noopener\">\n\t\t\t\t\t\tLeer Mas &gt;\t\t\t\t\t<\/a>\n\t\t\t\t\t<\/div>\n\t\t\t\t\t\t\t<\/div>\n\t\t\t\t\t\t<\/div>\n\t\t\t\t\t\t<\/div>\n\t\t\t\t<\/div>\n\t\t\t\t<\/div>\n\t\t\t\t<\/div>\n\t\t<div class=\"elementor-element elementor-element-9de0c9a e-con-full e-flex e-con e-child\" data-id=\"9de0c9a\" data-element_type=\"container\" data-e-type=\"container\">\n\t\t<div class=\"elementor-element elementor-element-5351e5a animated-slow e-con-full e-flex elementor-invisible e-con e-child\" data-id=\"5351e5a\" data-element_type=\"container\" data-e-type=\"container\" data-settings=\"{&quot;animation&quot;:&quot;fadeInUp&quot;,&quot;animation_delay&quot;:150}\">\n\t\t<div class=\"elementor-element elementor-element-161e18c e-con-full e-flex e-con e-child\" data-id=\"161e18c\" data-element_type=\"container\" data-e-type=\"container\">\n\t\t\t\t<div class=\"elementor-element elementor-element-e71d9e4 elementor-widget elementor-widget-image\" data-id=\"e71d9e4\" data-element_type=\"widget\" data-e-type=\"widget\" data-widget_type=\"image.default\">\n\t\t\t\t\t\t\t\t\t\t\t\t\t\t\t<img decoding=\"async\" width=\"300\" height=\"158\" src=\"https:\/\/mariposafund.org\/wp-content\/uploads\/2026\/03\/thecut-300x158.png\" class=\"attachment-medium size-medium wp-image-708\" alt=\"\" srcset=\"https:\/\/mariposafund.org\/wp-content\/uploads\/2026\/03\/thecut-300x158.png 300w, https:\/\/mariposafund.org\/wp-content\/uploads\/2026\/03\/thecut-1024x538.png 1024w, https:\/\/mariposafund.org\/wp-content\/uploads\/2026\/03\/thecut-768x403.png 768w, https:\/\/mariposafund.org\/wp-content\/uploads\/2026\/03\/thecut-1536x806.png 1536w, https:\/\/mariposafund.org\/wp-content\/uploads\/2026\/03\/thecut-2048x1075.png 2048w\" sizes=\"(max-width: 300px) 100vw, 300px\" \/>\t\t\t\t\t\t\t\t\t\t\t\t\t\t\t<\/div>\n\t\t\t\t<\/div>\n\t\t\t\t<div class=\"elementor-element elementor-element-3996e6d elementor-cta--layout-image-left elementor-cta--skin-classic elementor-animated-content elementor-bg-transform elementor-bg-transform-zoom-in elementor-widget elementor-widget-call-to-action\" data-id=\"3996e6d\" data-element_type=\"widget\" data-e-type=\"widget\" data-widget_type=\"call-to-action.default\">\n\t\t\t\t\t\t\t<div class=\"elementor-cta\">\n\t\t\t\t\t\t\t<div class=\"elementor-cta__content\">\n\t\t\t\t\n\t\t\t\t\t\t\t\t\t<h2 class=\"elementor-cta__title elementor-cta__content-item elementor-content-item\">\n\t\t\t\t\t\tThe Cut: Dona ahora a un fondo de apoyo para el aborto\t\t\t\t\t<\/h2>\n\t\t\t\t\n\t\t\t\t\t\t\t\t\t<div class=\"elementor-cta__description elementor-cta__content-item elementor-content-item\">\n\t\t\t\t\t\t<b>Updated June 24, 2022<br><\/b><br>\n\n\u201cIf you\u2019re feeling terrified and want to take action, the best thing you can do is donate to an abortion fund: an on-the-ground organization that helps arrange and pay for abortion care for patients who ...\n<br>\n<br>\n\t\t\t\t\t<\/div>\n\t\t\t\t\n\t\t\t\t\t\t\t\t\t<div class=\"elementor-cta__button-wrapper elementor-cta__content-item elementor-content-item\">\n\t\t\t\t\t<a class=\"elementor-cta__button elementor-button elementor-size-\" href=\"https:\/\/www.thecut.com\/article\/donate-abortion-fund-amy-coney-barrett-how-to-help.html?fbclid=IwAR14LmBjQO0SqjLUYvMBu-xF_o6gYGQYKNxXefOQFwy2iYwiRC3AXVDjmxo\" target=\"_blank\" rel=\"noopener\">\n\t\t\t\t\t\tLeer Mas &gt;\t\t\t\t\t<\/a>\n\t\t\t\t\t<\/div>\n\t\t\t\t\t\t\t<\/div>\n\t\t\t\t\t\t<\/div>\n\t\t\t\t\t\t<\/div>\n\t\t\t\t<\/div>\n\t\t<div class=\"elementor-element elementor-element-7695ee8 animated-slow e-con-full e-flex elementor-invisible e-con e-child\" data-id=\"7695ee8\" data-element_type=\"container\" data-e-type=\"container\" data-settings=\"{&quot;animation&quot;:&quot;fadeInUp&quot;,&quot;animation_delay&quot;:300}\">\n\t\t<div class=\"elementor-element elementor-element-b07ba11 e-con-full e-flex e-con e-child\" data-id=\"b07ba11\" data-element_type=\"container\" data-e-type=\"container\">\n\t\t\t\t<div class=\"elementor-element elementor-element-4534222 elementor-widget elementor-widget-image\" data-id=\"4534222\" data-element_type=\"widget\" data-e-type=\"widget\" data-widget_type=\"image.default\">\n\t\t\t\t\t\t\t\t\t\t\t\t\t\t\t<img loading=\"lazy\" decoding=\"async\" width=\"300\" height=\"149\" src=\"https:\/\/mariposafund.org\/wp-content\/uploads\/2026\/03\/Screenshot-2026-03-09-at-21.53.31-300x149.png\" class=\"attachment-medium size-medium wp-image-707\" alt=\"\" srcset=\"https:\/\/mariposafund.org\/wp-content\/uploads\/2026\/03\/Screenshot-2026-03-09-at-21.53.31-300x149.png 300w, https:\/\/mariposafund.org\/wp-content\/uploads\/2026\/03\/Screenshot-2026-03-09-at-21.53.31.png 303w\" sizes=\"(max-width: 300px) 100vw, 300px\" \/>\t\t\t\t\t\t\t\t\t\t\t\t\t\t\t<\/div>\n\t\t\t\t<\/div>\n\t\t\t\t<div class=\"elementor-element elementor-element-9e7475d elementor-cta--layout-image-left elementor-cta--skin-classic elementor-animated-content elementor-bg-transform elementor-bg-transform-zoom-in elementor-widget elementor-widget-call-to-action\" data-id=\"9e7475d\" data-element_type=\"widget\" data-e-type=\"widget\" data-widget_type=\"call-to-action.default\">\n\t\t\t\t\t\t\t<div class=\"elementor-cta\">\n\t\t\t\t\t\t\t<div class=\"elementor-cta__content\">\n\t\t\t\t\n\t\t\t\t\t\t\t\t\t<h2 class=\"elementor-cta__title elementor-cta__content-item elementor-content-item\">\n\t\t\t\t\t\tNoise for NOW y Seeding Sovereignty: campa\u00f1a de mascarillas para apoyar a los fondos de aborto\t\t\t\t\t<\/h2>\n\t\t\t\t\n\t\t\t\t\t\t\t\t\t<div class=\"elementor-cta__description elementor-cta__content-item elementor-content-item\">\n\t\t\t\t\t\t<b>June 9, 2020<br><\/b><br>\n\n\u201cSeveral musicians are showing support for NOISE FOR NOW and Seeding Sovereignty\u2019s mask benefit campaign for American Indigenous communities and reproductive justice organizations impacted by the COVID-19 pandemic. For every mask or bandana purchased, one ...\t\t\t\t\t<\/div>\n\t\t\t\t\n\t\t\t\t\t\t\t\t\t<div class=\"elementor-cta__button-wrapper elementor-cta__content-item elementor-content-item\">\n\t\t\t\t\t<a class=\"elementor-cta__button elementor-button elementor-size-\" href=\"https:\/\/pitchfork.com\/news\/fiona-apple-kim-gordon-fleet-foxes-more-support-mask-benefit-for-indigenous-communities\/\" target=\"_blank\" rel=\"noopener\">\n\t\t\t\t\t\tLeer Mas &gt;\t\t\t\t\t<\/a>\n\t\t\t\t\t<\/div>\n\t\t\t\t\t\t\t<\/div>\n\t\t\t\t\t\t<\/div>\n\t\t\t\t\t\t<\/div>\n\t\t\t\t<\/div>\n\t\t<div class=\"elementor-element elementor-element-58cb860 animated-slow e-con-full e-flex elementor-invisible e-con e-child\" data-id=\"58cb860\" data-element_type=\"container\" data-e-type=\"container\" data-settings=\"{&quot;animation&quot;:&quot;fadeInUp&quot;,&quot;animation_delay&quot;:600}\">\n\t\t<div class=\"elementor-element elementor-element-553bc5e e-con-full e-flex e-con e-child\" data-id=\"553bc5e\" data-element_type=\"container\" data-e-type=\"container\">\n\t\t\t\t<div class=\"elementor-element elementor-element-c4a0639 elementor-widget elementor-widget-image\" data-id=\"c4a0639\" data-element_type=\"widget\" data-e-type=\"widget\" data-widget_type=\"image.default\">\n\t\t\t\t\t\t\t\t\t\t\t\t\t\t\t<img fetchpriority=\"high\" decoding=\"async\" width=\"265\" height=\"190\" src=\"https:\/\/mariposafund.org\/wp-content\/uploads\/2026\/03\/nmpolitical_logo.png\" class=\"attachment-medium size-medium wp-image-617\" alt=\"\" \/>\t\t\t\t\t\t\t\t\t\t\t\t\t\t\t<\/div>\n\t\t\t\t<div class=\"elementor-element elementor-element-d8d0052 elementor-cta--layout-image-left elementor-cta--skin-classic elementor-animated-content elementor-bg-transform elementor-bg-transform-zoom-in elementor-widget elementor-widget-call-to-action\" data-id=\"d8d0052\" data-element_type=\"widget\" data-e-type=\"widget\" data-widget_type=\"call-to-action.default\">\n\t\t\t\t\t\t\t<div class=\"elementor-cta\">\n\t\t\t\t\t\t\t<div class=\"elementor-cta__content\">\n\t\t\t\t\n\t\t\t\t\t\t\t\t\t<h2 class=\"elementor-cta__title elementor-cta__content-item elementor-content-item\">\n\t\t\t\t\t\tNM Political Report \u2013 Fondos de aborto durante la pandemia global\t\t\t\t\t<\/h2>\n\t\t\t\t\n\t\t\t\t\t\t\t\t\t<div class=\"elementor-cta__description elementor-cta__content-item elementor-content-item\">\n\t\t\t\t\t\t<b>March 21, 2020<br><\/b><br>\n\n\u201cNew Mexico abortion fund providers are already seeing impacts as the public health emergency and financial crisis worsens during the COVID-19 global pandemic, according to advocates. A group of abortion fund providers in New Mexico ...\t\t\t\t\t<\/div>\n\t\t\t\t\n\t\t\t\t\t\t\t\t\t<div class=\"elementor-cta__button-wrapper elementor-cta__content-item elementor-content-item\">\n\t\t\t\t\t<a class=\"elementor-cta__button elementor-button elementor-size-\" href=\"https:\/\/nmpoliticalreport.com\/2020\/03\/21\/abortion-fund-providers-say-global-pandemic-causing-difficulties\/\" target=\"_blank\" rel=\"noopener\">\n\t\t\t\t\t\tLeer Mas &gt;\t\t\t\t\t<\/a>\n\t\t\t\t\t<\/div>\n\t\t\t\t\t\t\t<\/div>\n\t\t\t\t\t\t<\/div>\n\t\t\t\t\t\t<\/div>\n\t\t\t\t<\/div>\n\t\t\t\t<\/div>\n\t\t\t\t<\/div>\n\t\t<div class=\"elementor-element elementor-element-400e0a5 e-con-full e-flex e-con e-child\" data-id=\"400e0a5\" data-element_type=\"container\" data-e-type=\"container\">\n\t\t<div class=\"elementor-element elementor-element-760dc91 animated-slow e-con-full e-flex elementor-invisible e-con e-child\" data-id=\"760dc91\" data-element_type=\"container\" data-e-type=\"container\" data-settings=\"{&quot;animation&quot;:&quot;fadeInUp&quot;,&quot;animation_delay&quot;:150}\">\n\t\t<div class=\"elementor-element elementor-element-a991513 e-con-full e-flex e-con e-child\" data-id=\"a991513\" data-element_type=\"container\" data-e-type=\"container\">\n\t\t\t\t<div class=\"elementor-element elementor-element-127aedb elementor-widget elementor-widget-image\" data-id=\"127aedb\" data-element_type=\"widget\" data-e-type=\"widget\" data-widget_type=\"image.default\">\n\t\t\t\t\t\t\t\t\t\t\t\t\t\t\t<img loading=\"lazy\" decoding=\"async\" width=\"150\" height=\"144\" src=\"https:\/\/mariposafund.org\/wp-content\/uploads\/2026\/03\/Screenshot-2026-03-09-at-22.12.27.png\" class=\"attachment-medium size-medium wp-image-737\" alt=\"\" \/>\t\t\t\t\t\t\t\t\t\t\t\t\t\t\t<\/div>\n\t\t\t\t<\/div>\n\t\t\t\t<div class=\"elementor-element elementor-element-a4e56b7 elementor-cta--layout-image-left elementor-cta--skin-classic elementor-animated-content elementor-bg-transform elementor-bg-transform-zoom-in elementor-widget elementor-widget-call-to-action\" data-id=\"a4e56b7\" data-element_type=\"widget\" data-e-type=\"widget\" data-widget_type=\"call-to-action.default\">\n\t\t\t\t\t\t\t<div class=\"elementor-cta\">\n\t\t\t\t\t\t\t<div class=\"elementor-cta__content\">\n\t\t\t\t\n\t\t\t\t\t\t\t\t\t<h2 class=\"elementor-cta__title elementor-cta__content-item elementor-content-item\">\n\t\t\t\t\t\tEntrevista con Brava\t\t\t\t\t<\/h2>\n\t\t\t\t\n\t\t\t\t\t\t\t\t\t<div class=\"elementor-cta__description elementor-cta__content-item elementor-content-item\">\n\t\t\t\t\t\t<b>September 23, 2018<br><\/b><br>\n\n\u201cThe Mariposa fund is founded by women of color and queer folks all of whom are abortion care providers. Our mission is rooted in a desire to create equal access to reproductive healthcare for all\u2026.\u201d\t\t\t\t\t<\/div>\n\t\t\t\t\n\t\t\t\t\t\t\t\t\t<div class=\"elementor-cta__button-wrapper elementor-cta__content-item elementor-content-item\">\n\t\t\t\t\t<a class=\"elementor-cta__button elementor-button elementor-size-\" href=\"https:\/\/bravanm.com\/2018\/04\/19\/5-questions-with-the-mariposa-fund\/\" target=\"_blank\" rel=\"noopener\">\n\t\t\t\t\t\tLeer Mas &gt;\t\t\t\t\t<\/a>\n\t\t\t\t\t<\/div>\n\t\t\t\t\t\t\t<\/div>\n\t\t\t\t\t\t<\/div>\n\t\t\t\t\t\t<\/div>\n\t\t\t\t<\/div>\n\t\t<div class=\"elementor-element elementor-element-4516eb2 animated-slow e-con-full e-flex elementor-invisible e-con e-child\" data-id=\"4516eb2\" data-element_type=\"container\" data-e-type=\"container\" data-settings=\"{&quot;animation&quot;:&quot;fadeInUp&quot;,&quot;animation_delay&quot;:300}\">\n\t\t<div class=\"elementor-element elementor-element-35dac8e e-con-full e-flex e-con e-child\" data-id=\"35dac8e\" data-element_type=\"container\" data-e-type=\"container\">\n\t\t\t\t<\/div>\n\t\t\t\t<\/div>\n\t\t<div class=\"elementor-element elementor-element-6b33666 animated-slow e-con-full e-flex elementor-invisible e-con e-child\" data-id=\"6b33666\" data-element_type=\"container\" data-e-type=\"container\" data-settings=\"{&quot;animation&quot;:&quot;fadeInUp&quot;,&quot;animation_delay&quot;:600}\">\n\t\t<div class=\"elementor-element elementor-element-c4a0026 e-con-full e-flex e-con e-child\" data-id=\"c4a0026\" data-element_type=\"container\" data-e-type=\"container\">\n\t\t\t\t<\/div>\n\t\t\t\t<\/div>\n\t\t\t\t<\/div>\n\t\t\t\t<\/div>\n\t\t\t\t<\/div>","protected":false},"excerpt":{"rendered":"<p>Mariposa Fund &#8211; In the News NM Political Report: Spotlight on the Mariposa Fund Updated March 16, 2025 \u201cAranda said the volunteers with Mariposa Fund have worked with staff at abortion clinics in the state about how to ask patients about documentation status in a way that is \u201crespectful and acknowledges their humanity.\u201d READ MORE [&hellip;]<\/p>\n","protected":false},"author":1,"featured_media":0,"parent":0,"menu_order":0,"comment_status":"closed","ping_status":"closed","template":"elementor_header_footer","meta":{"footnotes":""},"class_list":["post-12","page","type-page","status-publish","hentry"],"_links":{"self":[{"href":"https:\/\/mariposafund.org\/es\/wp-json\/wp\/v2\/pages\/12","targetHints":{"allow":["GET"]}}],"collection":[{"href":"https:\/\/mariposafund.org\/es\/wp-json\/wp\/v2\/pages"}],"about":[{"href":"https:\/\/mariposafund.org\/es\/wp-json\/wp\/v2\/types\/page"}],"author":[{"embeddable":true,"href":"https:\/\/mariposafund.org\/es\/wp-json\/wp\/v2\/users\/1"}],"replies":[{"embeddable":true,"href":"https:\/\/mariposafund.org\/es\/wp-json\/wp\/v2\/comments?post=12"}],"version-history":[{"count":166,"href":"https:\/\/mariposafund.org\/es\/wp-json\/wp\/v2\/pages\/12\/revisions"}],"predecessor-version":[{"id":1266,"href":"https:\/\/mariposafund.org\/es\/wp-json\/wp\/v2\/pages\/12\/revisions\/1266"}],"wp:attachment":[{"href":"https:\/\/mariposafund.org\/es\/wp-json\/wp\/v2\/media?parent=12"}],"curies":[{"name":"wp","href":"https:\/\/api.w.org\/{rel}","templated":true}]}}